{"id":360,"date":"2024-11-18T12:18:38","date_gmt":"2024-11-18T10:18:38","guid":{"rendered":"https:\/\/sustainableendoscopes.forskning.eu\/project-partners\/"},"modified":"2025-03-06T15:49:28","modified_gmt":"2025-03-06T13:49:28","slug":"project-partners","status":"publish","type":"page","link":"https:\/\/sustainableendoscopes.forskning.eu\/en\/project-partners\/","title":{"rendered":"Project Partners"},"content":{"rendered":"<link rel=\"stylesheet\" type=\"text\/css\" href=\"https:\/\/sustainableendoscopes.forskning.eu\/wp-content\/themes\/oak-theme\/dist\/template-parts\/blocks\/subsite-hero-page\/subsite-hero-page.css\">\n\t<section class=\"block block--subsite-hero-page spacing--little\">\n\t\t<div  class=\"subsite-hero-page\">\n\t\t\t\t<div class=\"subsite-hero-page__bg\">\n\t\t\t\t\t<img decoding=\"async\" src=\"https:\/\/sustainableendoscopes.forskning.eu\/wp-content\/themes\/oak-theme\/assets\/images\/placeholder.png\" data-src=\"https:\/\/sustainableendoscopes.forskning.eu\/wp-content\/uploads\/sites\/13\/2024\/07\/AdobeStock_177689114-1024x683.jpeg\" data-srcset=\"https:\/\/sustainableendoscopes.forskning.eu\/wp-content\/uploads\/sites\/13\/2024\/07\/AdobeStock_177689114-1024x683.jpeg 1024w, https:\/\/sustainableendoscopes.forskning.eu\/wp-content\/uploads\/sites\/13\/2024\/07\/AdobeStock_177689114-300x200.jpeg 300w, https:\/\/sustainableendoscopes.forskning.eu\/wp-content\/uploads\/sites\/13\/2024\/07\/AdobeStock_177689114-768x512.jpeg 768w, https:\/\/sustainableendoscopes.forskning.eu\/wp-content\/uploads\/sites\/13\/2024\/07\/AdobeStock_177689114-1536x1024.jpeg 1536w, https:\/\/sustainableendoscopes.forskning.eu\/wp-content\/uploads\/sites\/13\/2024\/07\/AdobeStock_177689114-2048x1365.jpeg 2048w\" sizes=\"(max-width: 100vw) 2000px, 2000px\" data-loading=\"lazy\" alt=\"\" \/>\n\t\t\t<\/div>\n\t<div class=\"subsite-hero-page__container\">\n\t\t<div class=\"grid\">\n\t\t\t<div class=\"col-md-8 col-xl-5 offset-xl-1\">\n\t\t\t\t<h1 class=\"subsite-hero-page__title\">\n\t\t\t\t\tProject Partners\n\t\t\t\t<\/h1>\n\t\t\t<\/div>\n\n\t\t\t<div class=\"col-md-8 col-xl-5 offset-xl-1\">\n\t\t\t\t<p class=\"subsite-hero-page__excerpt\">\n\t\t\t\t\tSUSUES consists of Danish and Swedish companies and organizations that collaborate to make the healthcare system more sustainable.\n\t\t\t\t<\/p>\n\t\t\t<\/div>\n\n\t\t\t\t\t<\/div>\n\t<\/div>\n\t\t<\/div>\n\t<\/section>\n\n\n<link rel=\"stylesheet\" type=\"text\/css\" href=\"https:\/\/sustainableendoscopes.forskning.eu\/wp-content\/themes\/oak-theme\/dist\/template-parts\/blocks\/partners\/partners.css\">\n\t<section class=\"block block--partners spacing--little\">\n\t\t<div  class=\"partners\">\n\t\t\t\t\t\t\t<div class=\"grid \">\n\t\t\t\t\t\t<div class=\"col-lg-10 offset-lg-1\">\n\t\t<div class=\"partners__list\">\n\t\t\t\t\t\t\t<div class=\"partner\">\n\t\t\t\t\t<button class=\"partner__header\">\n\t\t\t\t\t\t<div class=\"partner__logo\">\n\t\t\t\t\t\t\t<img decoding=\"async\" src=\"https:\/\/sustainableendoscopes.forskning.eu\/wp-content\/themes\/oak-theme\/assets\/images\/placeholder.png\" data-src=\"https:\/\/sustainableendoscopes.forskning.eu\/wp-content\/uploads\/sites\/13\/2024\/07\/RGB_Org_C_SJAELLANDS-UNIVERSITETSHOSPITAL-300x78.png\" data-srcset=\"https:\/\/sustainableendoscopes.forskning.eu\/wp-content\/uploads\/sites\/13\/2024\/07\/RGB_Org_C_SJAELLANDS-UNIVERSITETSHOSPITAL-300x78.png 300w, https:\/\/sustainableendoscopes.forskning.eu\/wp-content\/uploads\/sites\/13\/2024\/07\/RGB_Org_C_SJAELLANDS-UNIVERSITETSHOSPITAL-1024x266.png 1024w, https:\/\/sustainableendoscopes.forskning.eu\/wp-content\/uploads\/sites\/13\/2024\/07\/RGB_Org_C_SJAELLANDS-UNIVERSITETSHOSPITAL-768x200.png 768w, https:\/\/sustainableendoscopes.forskning.eu\/wp-content\/uploads\/sites\/13\/2024\/07\/RGB_Org_C_SJAELLANDS-UNIVERSITETSHOSPITAL.png 1439w\" sizes=\"(max-width: 100vw) 400px, 400px\" data-loading=\"lazy\" alt=\"\" \/>\n\t\t\t\t\t\t<\/div>\n\n\t\t\t\t\t\t<div class=\"partner__toggle\">\n\t\t\t\t\t\t\t<span><\/span><span><\/span>\n\t\t\t\t\t\t<\/div>\n\n\t\t\t\t\t\t<div class=\"partner__container\">\n\t\t\t\t\t\t\t<h2 class=\"partner__title\">\n\t\t\t\t\t\t\t\tZealand University Hospital\n\t\t\t\t\t\t\t<\/h2>\n\n\t\t\t\t\t\t\t<p class=\"partner__excerpt\">\n\t\t\t\t\t\t\t\tFrom Zealand University Hospital, the Surgical Department and the Research Deparment participate.\n\t\t\t\t\t\t\t<\/p>\n\t\t\t\t\t\t<\/div>\n\t\t\t\t\t<\/button>\n\n\t\t\t\t\t<div class=\"partner__wrapper\">\n\t\t\t\t\t\t<div class=\"partner__text\">\n\t\t\t\t\t\t\t<h4><\/h4>\n<h4>Surgical Department<\/h4>\n<div class=\"flex max-w-full flex-col flex-grow\">\n<div class=\"min-h-8 text-message relative flex w-full flex-col items-end gap-2 whitespace-normal break-words text-start [.text-message+&amp;]:mt-5\" dir=\"auto\" data-message-author-role=\"assistant\" data-message-id=\"722f6564-3819-4f37-95fc-c30aab5130b2\" data-message-model-slug=\"gpt-4o\">\n<div class=\"flex w-full flex-col gap-1 empty:hidden first:pt-[3px]\">\n<div class=\"markdown prose w-full break-words dark:prose-invert light\">\n<p data-start=\"31\" data-end=\"334\" data-is-last-node=\"\" data-is-only-node=\"\">The Surgical Department contributes extensive clinical experience, including initial insights into single-use endoscopes. Additionally, they provide knowledge and research expertise. The department is one of the leading in Denmark within the field and performs approximately 14,000 endoscopies annually.<\/p>\n<\/div>\n<\/div>\n<\/div>\n<\/div>\n<p>&nbsp;<\/p>\n<h4>The Research Department in the staff<\/h4>\n<p data-start=\"17\" data-end=\"180\">FORSK has solid experience in managing research projects administratively and has previously worked on projects supported by Interreg \u00d6resund-Kattegat-Skagerrak.<\/p>\n<p data-start=\"182\" data-end=\"494\" data-is-last-node=\"\" data-is-only-node=\"\">FORSK is responsible for communication with the Interreg Secretariat and handles administrative tasks within the project\u2014including project management, financial aspects, and communication. Additionally, the unit has expertise in qualitative research, which is used in the project to explore the user perspective.<\/p>\n\n\t\t\t\t\t\t<\/div>\n\t\t\t\t\t\t\t\t\t\t\t<\/div>\n\t\t\t\t<\/div>\n\t\t\t\t\t\t\t<div class=\"partner\">\n\t\t\t\t\t<button class=\"partner__header\">\n\t\t\t\t\t\t<div class=\"partner__logo\">\n\t\t\t\t\t\t\t<img decoding=\"async\" src=\"https:\/\/sustainableendoscopes.forskning.eu\/wp-content\/themes\/oak-theme\/assets\/images\/placeholder.png\" data-src=\"https:\/\/sustainableendoscopes.forskning.eu\/wp-content\/uploads\/sites\/13\/2024\/07\/CAT-logo-green-300x181.png\" data-srcset=\"https:\/\/sustainableendoscopes.forskning.eu\/wp-content\/uploads\/sites\/13\/2024\/07\/CAT-logo-green-300x181.png 300w, https:\/\/sustainableendoscopes.forskning.eu\/wp-content\/uploads\/sites\/13\/2024\/07\/CAT-logo-green.png 742w\" sizes=\"(max-width: 100vw) 400px, 400px\" data-loading=\"lazy\" alt=\"\" \/>\n\t\t\t\t\t\t<\/div>\n\n\t\t\t\t\t\t<div class=\"partner__toggle\">\n\t\t\t\t\t\t\t<span><\/span><span><\/span>\n\t\t\t\t\t\t<\/div>\n\n\t\t\t\t\t\t<div class=\"partner__container\">\n\t\t\t\t\t\t\t<h2 class=\"partner__title\">\n\t\t\t\t\t\t\t\tCircular Action Tools\n\t\t\t\t\t\t\t<\/h2>\n\n\t\t\t\t\t\t\t<p class=\"partner__excerpt\">\n\t\t\t\t\t\t\t\tCircular Action Tools supports and facilitates the transition from a waste-oriented to a resource-oriented economy.\n\t\t\t\t\t\t\t<\/p>\n\t\t\t\t\t\t<\/div>\n\t\t\t\t\t<\/button>\n\n\t\t\t\t\t<div class=\"partner__wrapper\">\n\t\t\t\t\t\t<div class=\"partner__text\">\n\t\t\t\t\t\t\t<p data-start=\"0\" data-end=\"227\">Circular Action Tool AB are experts in life cycle assessments, and in the project, the Swedish company will perform the environmental calculations for the comparative life cycle assessment of single-use and reusable endoscopes.<\/p>\n<p data-start=\"229\" data-end=\"435\" data-is-last-node=\"\" data-is-only-node=\"\">Circular Action Tools will lead the work to formulate objectives and define the scope of the study, collect data, perform calculations, and ultimately compile results, as well as analyze and interpret them.<\/p>\n\n\t\t\t\t\t\t<\/div>\n\t\t\t\t\t\t\t\t\t\t\t<\/div>\n\t\t\t\t<\/div>\n\t\t\t\t\t\t\t<div class=\"partner\">\n\t\t\t\t\t<button class=\"partner__header\">\n\t\t\t\t\t\t<div class=\"partner__logo\">\n\t\t\t\t\t\t\t<img decoding=\"async\" src=\"https:\/\/sustainableendoscopes.forskning.eu\/wp-content\/themes\/oak-theme\/assets\/images\/placeholder.png\" data-src=\"https:\/\/sustainableendoscopes.forskning.eu\/wp-content\/uploads\/sites\/13\/2024\/07\/RV_Logo_Liggande_300dpi_RGB-300x68.png\" data-srcset=\"https:\/\/sustainableendoscopes.forskning.eu\/wp-content\/uploads\/sites\/13\/2024\/07\/RV_Logo_Liggande_300dpi_RGB-300x68.png 300w, https:\/\/sustainableendoscopes.forskning.eu\/wp-content\/uploads\/sites\/13\/2024\/07\/RV_Logo_Liggande_300dpi_RGB-1024x233.png 1024w, https:\/\/sustainableendoscopes.forskning.eu\/wp-content\/uploads\/sites\/13\/2024\/07\/RV_Logo_Liggande_300dpi_RGB-768x175.png 768w, https:\/\/sustainableendoscopes.forskning.eu\/wp-content\/uploads\/sites\/13\/2024\/07\/RV_Logo_Liggande_300dpi_RGB.png 1458w\" sizes=\"(max-width: 100vw) 400px, 400px\" data-loading=\"lazy\" alt=\"\" \/>\n\t\t\t\t\t\t<\/div>\n\n\t\t\t\t\t\t<div class=\"partner__toggle\">\n\t\t\t\t\t\t\t<span><\/span><span><\/span>\n\t\t\t\t\t\t<\/div>\n\n\t\t\t\t\t\t<div class=\"partner__container\">\n\t\t\t\t\t\t\t<h2 class=\"partner__title\">\n\t\t\t\t\t\t\t\tNorrland University Hospital\n\t\t\t\t\t\t\t<\/h2>\n\n\t\t\t\t\t\t\t<p class=\"partner__excerpt\">\n\t\t\t\t\t\t\t\tFrom Norrland University Hospital, the Surgical Endoscopy Unit, which is part of the Surgical Centre in Ume\u00e5, participates.\n\t\t\t\t\t\t\t<\/p>\n\t\t\t\t\t\t<\/div>\n\t\t\t\t\t<\/button>\n\n\t\t\t\t\t<div class=\"partner__wrapper\">\n\t\t\t\t\t\t<div class=\"partner__text\">\n\t\t\t\t\t\t\t<p data-start=\"0\" data-end=\"189\">The Endoscopy Unit is a partner in the project and serves as a regional clinic responsible for patients from the V\u00e4sterbotten, Norrbotten, V\u00e4sternorrland, and J\u00e4mtland\/H\u00e4rjedalen regions.<\/p>\n<p data-start=\"191\" data-end=\"606\" data-is-last-node=\"\" data-is-only-node=\"\">The unit specializes in performing endoscopies and conducts approximately 7,500 endoscopies annually. The department contributes both with clinical testing, fresh perspectives on the introduction of new procedures, and significant influence and impact on the long-term implementation of more sustainable solutions, which the department has a strong interest in and which the project can benefit from and learn from.<\/p>\n\n\t\t\t\t\t\t<\/div>\n\t\t\t\t\t\t\t\t\t\t\t<\/div>\n\t\t\t\t<\/div>\n\t\t\t\t\t<\/div>\n\t<\/div>\n\t\t\t\t<\/div>\n\t\t\t\t\t<\/div>\n\t<\/section>\n","protected":false},"excerpt":{"rendered":"","protected":false},"author":4,"featured_media":0,"parent":0,"menu_order":0,"comment_status":"closed","ping_status":"closed","template":"","meta":{"_acf_changed":false,"footnotes":""},"class_list":["post-360","page","type-page","status-publish","hentry"],"acf":[],"_links":{"self":[{"href":"https:\/\/sustainableendoscopes.forskning.eu\/en\/wp-json\/wp\/v2\/pages\/360","targetHints":{"allow":["GET"]}}],"collection":[{"href":"https:\/\/sustainableendoscopes.forskning.eu\/en\/wp-json\/wp\/v2\/pages"}],"about":[{"href":"https:\/\/sustainableendoscopes.forskning.eu\/en\/wp-json\/wp\/v2\/types\/page"}],"author":[{"embeddable":true,"href":"https:\/\/sustainableendoscopes.forskning.eu\/en\/wp-json\/wp\/v2\/users\/4"}],"replies":[{"embeddable":true,"href":"https:\/\/sustainableendoscopes.forskning.eu\/en\/wp-json\/wp\/v2\/comments?post=360"}],"version-history":[{"count":2,"href":"https:\/\/sustainableendoscopes.forskning.eu\/en\/wp-json\/wp\/v2\/pages\/360\/revisions"}],"predecessor-version":[{"id":363,"href":"https:\/\/sustainableendoscopes.forskning.eu\/en\/wp-json\/wp\/v2\/pages\/360\/revisions\/363"}],"wp:attachment":[{"href":"https:\/\/sustainableendoscopes.forskning.eu\/en\/wp-json\/wp\/v2\/media?parent=360"}],"curies":[{"name":"wp","href":"https:\/\/api.w.org\/{rel}","templated":true}]}}